{"id":1184,"date":"2022-06-14T15:44:26","date_gmt":"2022-06-14T15:44:26","guid":{"rendered":"https:\/\/gentile.cynatic.ch\/?page_id=1184"},"modified":"2026-03-05T21:06:10","modified_gmt":"2026-03-05T20:06:10","slug":"webdesign","status":"publish","type":"page","link":"https:\/\/beautywithrey.ch\/en\/webdesign\/","title":{"rendered":"Webdesign"},"content":{"rendered":"<div data-elementor-type=\"wp-page\" data-elementor-id=\"1184\" class=\"elementor elementor-1184\" data-elementor-post-type=\"page\">\n\t\t\t\t\t\t<section class=\"elementor-section elementor-top-section elementor-element elementor-element-9642ef9 elementor-section-height-min-height elementor-section-boxed elementor-section-height-default elementor-section-items-middle\" data-id=\"9642ef9\" data-element_type=\"section\" data-e-type=\"section\" data-settings=\"{&quot;background_background&quot;:&quot;classic&quot;}\">\n\t\t\t\t\t\t<div class=\"elementor-container elementor-column-gap-default\">\n\t\t\t\t\t<div class=\"elementor-column elementor-col-100 elementor-top-column elementor-element elementor-element-5dfbc6c\" data-id=\"5dfbc6c\" data-element_type=\"column\" data-e-type=\"column\">\n\t\t\t<div class=\"elementor-widget-wrap elementor-element-populated\">\n\t\t\t\t\t\t<section class=\"elementor-section elementor-inner-section elementor-element elementor-element-82b5809 elementor-section-content-middle elementor-section-boxed elementor-section-height-default elementor-section-height-default\" data-id=\"82b5809\" data-element_type=\"section\" data-e-type=\"section\" data-settings=\"{&quot;background_background&quot;:&quot;classic&quot;}\">\n\t\t\t\t\t\t<div class=\"elementor-container elementor-column-gap-default\">\n\t\t\t\t\t<div class=\"elementor-column elementor-col-50 elementor-inner-column elementor-element elementor-element-6f27eb6\" data-id=\"6f27eb6\" data-element_type=\"column\" data-e-type=\"column\">\n\t\t\t<div class=\"elementor-widget-wrap elementor-element-populated\">\n\t\t\t\t\t\t<div class=\"elementor-element elementor-element-5622d16 elementor-widget elementor-widget-image\" data-id=\"5622d16\" data-element_type=\"widget\" data-e-type=\"widget\" data-widget_type=\"image.default\">\n\t\t\t\t<div class=\"elementor-widget-container\">\n\t\t\t\t\t\t\t\t\t\t\t\t\t\t\t<img fetchpriority=\"high\" decoding=\"async\" width=\"400\" height=\"400\" src=\"https:\/\/beautywithrey.ch\/wp-content\/uploads\/2025\/12\/CYNATIC-Webseite-erstellen-lassen.png\" class=\"attachment-large size-large wp-image-8330\" alt=\"CYNATIC Webseite erstellen lassen\" srcset=\"https:\/\/beautywithrey.ch\/wp-content\/uploads\/2025\/12\/CYNATIC-Webseite-erstellen-lassen.png 400w, https:\/\/beautywithrey.ch\/wp-content\/uploads\/2025\/12\/CYNATIC-Webseite-erstellen-lassen-300x300.png 300w, https:\/\/beautywithrey.ch\/wp-content\/uploads\/2025\/12\/CYNATIC-Webseite-erstellen-lassen-150x150.png 150w, https:\/\/beautywithrey.ch\/wp-content\/uploads\/2025\/12\/CYNATIC-Webseite-erstellen-lassen-12x12.png 12w\" sizes=\"(max-width: 400px) 100vw, 400px\" \/>\t\t\t\t\t\t\t\t\t\t\t\t\t\t\t<\/div>\n\t\t\t\t<\/div>\n\t\t\t\t\t<\/div>\n\t\t<\/div>\n\t\t\t\t<div class=\"elementor-column elementor-col-50 elementor-inner-column elementor-element elementor-element-921a66f\" data-id=\"921a66f\" data-element_type=\"column\" data-e-type=\"column\">\n\t\t\t<div class=\"elementor-widget-wrap elementor-element-populated\">\n\t\t\t\t\t\t<div class=\"elementor-element elementor-element-fd35be7 elementor-widget elementor-widget-heading\" data-id=\"fd35be7\" data-element_type=\"widget\" data-e-type=\"widget\" data-widget_type=\"heading.default\">\n\t\t\t\t<div class=\"elementor-widget-container\">\n\t\t\t\t\t<h1 class=\"elementor-heading-title elementor-size-default\">CYNATIC<\/h1>\t\t\t\t<\/div>\n\t\t\t\t<\/div>\n\t\t\t\t<div class=\"elementor-element elementor-element-870dd3e elementor-widget elementor-widget-heading\" data-id=\"870dd3e\" data-element_type=\"widget\" data-e-type=\"widget\" data-widget_type=\"heading.default\">\n\t\t\t\t<div class=\"elementor-widget-container\">\n\t\t\t\t\t<h2 class=\"elementor-heading-title elementor-size-default\">Effizientes &amp; messbares Marketing f\u00fcr ambitionierte Unternehmen<\/h2>\t\t\t\t<\/div>\n\t\t\t\t<\/div>\n\t\t\t\t<div class=\"elementor-element elementor-element-504e1f2 elementor-widget elementor-widget-text-editor\" data-id=\"504e1f2\" data-element_type=\"widget\" data-e-type=\"widget\" data-widget_type=\"text-editor.default\">\n\t\t\t\t<div class=\"elementor-widget-container\">\n\t\t\t\t\t\t\t\t\t<p>Bei uns sind Sie genau richtig, wenn Sie hochwertige und effiziente L\u00f6sungen im Bereich Digitales Marketing suchen. Wir helfen Ihnen die <a href=\"https:\/\/cynatic.ch\/webseite-erstellen-lassen\/\" target=\"_blank\" rel=\"nofollow noopener\">Online Pr\u00e4senz zu professionalisieren<\/a>,\u00a0<a href=\"https:\/\/cynatic.ch\/google-ads\/\" target=\"_blank\" rel=\"nofollow noopener\">h\u00f6here Ums\u00e4tze<\/a>\u00a0zu erzielen,\u00a0<a href=\"https:\/\/cynatic.ch\/social-media-ads\/\" target=\"_blank\" rel=\"nofollow noopener\">Bekanntheit aufzubauen<\/a>,\u00a0<a href=\"https:\/\/cynatic.ch\/klickfunnel\/\" target=\"_blank\" rel=\"nofollow noopener\">qualifizierte Mitarbeiter<\/a>\u00a0zu finden oder\u00a0<a href=\"https:\/\/cynatic.ch\/software-entwickeln-lassen\/\" target=\"_blank\" rel=\"nofollow noopener\">eigene Software zu entwickeln<\/a>! Alle unsere Leistungen bieten wir im transparenten und preiswerten Abo-Modell an. So profitieren Sie von Premium-Leistung und haben kein Risiko.<\/p>\t\t\t\t\t\t\t\t<\/div>\n\t\t\t\t<\/div>\n\t\t\t\t<div class=\"elementor-element elementor-element-734952f elementor-mobile-align-center elementor-widget elementor-widget-button\" data-id=\"734952f\" data-element_type=\"widget\" data-e-type=\"widget\" data-widget_type=\"button.default\">\n\t\t\t\t<div class=\"elementor-widget-container\">\n\t\t\t\t\t\t\t\t\t<div class=\"elementor-button-wrapper\">\n\t\t\t\t\t<a class=\"elementor-button elementor-button-link elementor-size-md elementor-animation-shrink\" href=\"https:\/\/cynatic.ch\/\" target=\"_blank\" rel=\"nofollow noopener\">\n\t\t\t\t\t\t<span class=\"elementor-button-content-wrapper\">\n\t\t\t\t\t\t<span class=\"elementor-button-icon\">\n\t\t\t\t<i aria-hidden=\"true\" class=\"fas fa-globe-americas\"><\/i>\t\t\t<\/span>\n\t\t\t\t\t\t\t\t\t<span class=\"elementor-button-text\">WEBSITE<\/span>\n\t\t\t\t\t<\/span>\n\t\t\t\t\t<\/a>\n\t\t\t\t<\/div>\n\t\t\t\t\t\t\t\t<\/div>\n\t\t\t\t<\/div>\n\t\t\t\t\t<\/div>\n\t\t<\/div>\n\t\t\t\t\t<\/div>\n\t\t<\/section>\n\t\t\t\t\t<\/div>\n\t\t<\/div>\n\t\t\t\t\t<\/div>\n\t\t<\/section>\n\t\t\t\t<\/div>","protected":false},"excerpt":{"rendered":"<p>CYNATIC Effizientes &amp; messbares Marketing f\u00fcr ambitionierte Unternehmen Bei uns sind Sie genau richtig, wenn Sie hochwertige und effiziente L\u00f6sungen im Bereich Digitales Marketing suchen. Wir helfen Ihnen die Online Pr\u00e4senz zu professionalisieren,\u00a0h\u00f6here Ums\u00e4tze\u00a0zu erzielen,\u00a0Bekanntheit aufzubauen,\u00a0qualifizierte Mitarbeiter\u00a0zu finden oder\u00a0eigene Software zu entwickeln! Alle unsere Leistungen bieten wir im transparenten und preiswerten Abo-Modell an. So profitieren [&hellip;]<\/p>\n","protected":false},"author":1,"featured_media":0,"parent":0,"menu_order":0,"comment_status":"closed","ping_status":"closed","template":"elementor_header_footer","meta":{"_acf_changed":false,"footnotes":""},"class_list":["post-1184","page","type-page","status-publish","hentry"],"acf":[],"_links":{"self":[{"href":"https:\/\/beautywithrey.ch\/en\/wp-json\/wp\/v2\/pages\/1184","targetHints":{"allow":["GET"]}}],"collection":[{"href":"https:\/\/beautywithrey.ch\/en\/wp-json\/wp\/v2\/pages"}],"about":[{"href":"https:\/\/beautywithrey.ch\/en\/wp-json\/wp\/v2\/types\/page"}],"author":[{"embeddable":true,"href":"https:\/\/beautywithrey.ch\/en\/wp-json\/wp\/v2\/users\/1"}],"replies":[{"embeddable":true,"href":"https:\/\/beautywithrey.ch\/en\/wp-json\/wp\/v2\/comments?post=1184"}],"version-history":[{"count":9,"href":"https:\/\/beautywithrey.ch\/en\/wp-json\/wp\/v2\/pages\/1184\/revisions"}],"predecessor-version":[{"id":8491,"href":"https:\/\/beautywithrey.ch\/en\/wp-json\/wp\/v2\/pages\/1184\/revisions\/8491"}],"wp:attachment":[{"href":"https:\/\/beautywithrey.ch\/en\/wp-json\/wp\/v2\/media?parent=1184"}],"curies":[{"name":"wp","href":"https:\/\/api.w.org\/{rel}","templated":true}]}}