{"id":7183,"date":"2024-07-03T14:20:33","date_gmt":"2024-07-03T12:20:33","guid":{"rendered":"https:\/\/beautywithrey.ch\/?page_id=7183"},"modified":"2026-03-11T16:09:30","modified_gmt":"2026-03-11T15:09:30","slug":"ueber-ray","status":"publish","type":"page","link":"https:\/\/beautywithrey.ch\/en\/ueber-ray\/","title":{"rendered":"About Rey"},"content":{"rendered":"<div data-elementor-type=\"wp-page\" data-elementor-id=\"7183\" class=\"elementor elementor-7183\" data-elementor-post-type=\"page\">\n\t\t\t\t\t\t<section class=\"elementor-section elementor-top-section elementor-element elementor-element-cb12489 elementor-section-height-min-height elementor-section-boxed elementor-section-height-default elementor-section-items-middle\" data-id=\"cb12489\" data-element_type=\"section\" data-e-type=\"section\" data-settings=\"{&quot;background_background&quot;:&quot;classic&quot;}\">\n\t\t\t\t\t\t<div class=\"elementor-container elementor-column-gap-default\">\n\t\t\t\t\t<div class=\"elementor-column elementor-col-50 elementor-top-column elementor-element elementor-element-f23d0dd\" data-id=\"f23d0dd\" data-element_type=\"column\" data-e-type=\"column\">\n\t\t\t<div class=\"elementor-widget-wrap elementor-element-populated\">\n\t\t\t\t\t\t<div class=\"elementor-element elementor-element-905f5f9 elementor-widget elementor-widget-heading\" data-id=\"905f5f9\" data-element_type=\"widget\" data-e-type=\"widget\" data-widget_type=\"heading.default\">\n\t\t\t\t<div class=\"elementor-widget-container\">\n\t\t\t\t\t<h1 class=\"elementor-heading-title elementor-size-default\">About Us<\/h1>\t\t\t\t<\/div>\n\t\t\t\t<\/div>\n\t\t\t\t<div class=\"elementor-element elementor-element-5b4a91f elementor-widget elementor-widget-image\" data-id=\"5b4a91f\" data-element_type=\"widget\" data-e-type=\"widget\" data-widget_type=\"image.default\">\n\t\t\t\t<div class=\"elementor-widget-container\">\n\t\t\t\t\t\t\t\t\t\t\t\t\t\t\t<img fetchpriority=\"high\" decoding=\"async\" width=\"1308\" height=\"1600\" src=\"https:\/\/beautywithrey.ch\/wp-content\/uploads\/2024\/05\/Reyhan-Hatt.jpeg\" class=\"attachment-full size-full wp-image-8519\" alt=\"\" srcset=\"https:\/\/beautywithrey.ch\/wp-content\/uploads\/2024\/05\/Reyhan-Hatt.jpeg 1308w, https:\/\/beautywithrey.ch\/wp-content\/uploads\/2024\/05\/Reyhan-Hatt-245x300.jpeg 245w, https:\/\/beautywithrey.ch\/wp-content\/uploads\/2024\/05\/Reyhan-Hatt-837x1024.jpeg 837w, https:\/\/beautywithrey.ch\/wp-content\/uploads\/2024\/05\/Reyhan-Hatt-768x939.jpeg 768w, https:\/\/beautywithrey.ch\/wp-content\/uploads\/2024\/05\/Reyhan-Hatt-1256x1536.jpeg 1256w, https:\/\/beautywithrey.ch\/wp-content\/uploads\/2024\/05\/Reyhan-Hatt-10x12.jpeg 10w\" sizes=\"(max-width: 1308px) 100vw, 1308px\">\t\t\t\t\t\t\t\t\t\t\t\t\t\t\t<\/div>\n\t\t\t\t<\/div>\n\t\t\t\t<div class=\"elementor-element elementor-element-7a7815f elementor-widget elementor-widget-heading\" data-id=\"7a7815f\" data-element_type=\"widget\" data-e-type=\"widget\" data-widget_type=\"heading.default\">\n\t\t\t\t<div class=\"elementor-widget-container\">\n\t\t\t\t\t<h3 class=\"elementor-heading-title elementor-size-default\">Reyhan Hatt<\/h3>\t\t\t\t<\/div>\n\t\t\t\t<\/div>\n\t\t\t\t\t<\/div>\n\t\t<\/div>\n\t\t\t\t<div class=\"elementor-column elementor-col-50 elementor-top-column elementor-element elementor-element-a1b4393\" data-id=\"a1b4393\" data-element_type=\"column\" data-e-type=\"column\">\n\t\t\t<div class=\"elementor-widget-wrap elementor-element-populated\">\n\t\t\t\t\t\t<div class=\"elementor-element elementor-element-f025e73 elementor-widget elementor-widget-heading\" data-id=\"f025e73\" data-element_type=\"widget\" data-e-type=\"widget\" data-widget_type=\"heading.default\">\n\t\t\t\t<div class=\"elementor-widget-container\">\n\t\t\t\t\t<h2 class=\"elementor-heading-title elementor-size-default\">About my career in the cosmetics industry<\/h2>\t\t\t\t<\/div>\n\t\t\t\t<\/div>\n\t\t\t\t<div class=\"elementor-element elementor-element-2bff612 elementor-widget elementor-widget-text-editor\" data-id=\"2bff612\" data-element_type=\"widget\" data-e-type=\"widget\" data-widget_type=\"text-editor.default\">\n\t\t\t\t<div class=\"elementor-widget-container\">\n\t\t\t\t\t\t\t\t\t<p>Hey ich bin Reyhan Hatt. Nach meiner Ausbildung zur Make-up Artistin und mehrj\u00e4hriger Berufserfahrung bei der MAC-Cosmetic AG bin ich seit 2021 als selbstst\u00e4ndige Kosmetikerin t\u00e4tig.<\/p><p>Through continuous training and further education, I have specialized in facial treatments in the area of anti-aging and facial cleansing.<\/p><p>With effective treatment processes, I achieve maximum effectiveness and long-term success for every facial skin.<\/p>\t\t\t\t\t\t\t\t<\/div>\n\t\t\t\t<\/div>\n\t\t\t\t<div class=\"elementor-element elementor-element-bfa909c elementor-widget elementor-widget-heading\" data-id=\"bfa909c\" data-element_type=\"widget\" data-e-type=\"widget\" data-widget_type=\"heading.default\">\n\t\t\t\t<div class=\"elementor-widget-container\">\n\t\t\t\t\t<h2 class=\"elementor-heading-title elementor-size-default\">My passion for beautiful eyebrows<\/h2>\t\t\t\t<\/div>\n\t\t\t\t<\/div>\n\t\t\t\t<div class=\"elementor-element elementor-element-05ccd01 elementor-widget elementor-widget-text-editor\" data-id=\"05ccd01\" data-element_type=\"widget\" data-e-type=\"widget\" data-widget_type=\"text-editor.default\">\n\t\t\t\t<div class=\"elementor-widget-container\">\n\t\t\t\t\t\t\t\t\t<p>I love full and thick eyebrows that are naturally pulled upwards, which is why I also specialize in eyebrow and eyelash lifting.<\/p><p>For me there is nothing more attractive on a face than perfect eyebrows.<\/p>\t\t\t\t\t\t\t\t<\/div>\n\t\t\t\t<\/div>\n\t\t\t\t<div class=\"elementor-element elementor-element-4b206aa elementor-widget elementor-widget-heading\" data-id=\"4b206aa\" data-element_type=\"widget\" data-e-type=\"widget\" data-widget_type=\"heading.default\">\n\t\t\t\t<div class=\"elementor-widget-container\">\n\t\t\t\t\t<h2 class=\"elementor-heading-title elementor-size-default\">My philosophy<\/h2>\t\t\t\t<\/div>\n\t\t\t\t<\/div>\n\t\t\t\t<div class=\"elementor-element elementor-element-a77b8f3 elementor-widget elementor-widget-text-editor\" data-id=\"a77b8f3\" data-element_type=\"widget\" data-e-type=\"widget\" data-widget_type=\"text-editor.default\">\n\t\t\t\t<div class=\"elementor-widget-container\">\n\t\t\t\t\t\t\t\t\t<p>Well-being begins with beautiful skin. Because when our skin shines, we shine too. That&#039;s why I&#039;m committed to maintaining and caring for clear and noticeably firm skin.<\/p><p>In my beauty salon, I have therefore opted for an active ingredient cosmetic product that, thanks to its fine molecular structure, penetrates deeper into the skin than other care products and nourishes it where the skin is building up.<\/p>\t\t\t\t\t\t\t\t<\/div>\n\t\t\t\t<\/div>\n\t\t\t\t<div class=\"elementor-element elementor-element-f3cad9d elementor-align-center elementor-widget elementor-widget-button\" data-id=\"f3cad9d\" data-element_type=\"widget\" data-e-type=\"widget\" data-widget_type=\"button.default\">\n\t\t\t\t<div class=\"elementor-widget-container\">\n\t\t\t\t\t\t\t\t\t<div class=\"elementor-button-wrapper\">\n\t\t\t\t\t<a class=\"elementor-button elementor-button-link elementor-size-sm elementor-animation-shrink\" href=\"https:\/\/beautywithrey.ch\/en\/kontakt\/\">\n\t\t\t\t\t\t<span class=\"elementor-button-content-wrapper\">\n\t\t\t\t\t\t\t\t\t<span class=\"elementor-button-text\">Book Now<\/span>\n\t\t\t\t\t<\/span>\n\t\t\t\t\t<\/a>\n\t\t\t\t<\/div>\n\t\t\t\t\t\t\t\t<\/div>\n\t\t\t\t<\/div>\n\t\t\t\t\t<\/div>\n\t\t<\/div>\n\t\t\t\t\t<\/div>\n\t\t<\/section>\n\t\t\t\t<\/div>","protected":false},"excerpt":{"rendered":"<p>About Us Reyhan Hatt \u00dcber meinen Werdegang in der Kosmetikbranche Hey ich bin Reyhan Hatt. Nach meiner Ausbildung zur Make-up Artistin und mehrj\u00e4hriger Berufserfahrung bei der MAC-Cosmetic AG bin ich seit 2021 als selbstst\u00e4ndige Kosmetikerin t\u00e4tig. Durch st\u00e4ndige Fort- und Weiterbildungen habe ich mich auf Gesichtsbehandlungen im Bereich Anti-Aging &amp; Gesichtsreinigung spezialisiert. Mit effektiven Behandlungsprozessen [&hellip;]<\/p>\n","protected":false},"author":1,"featured_media":0,"parent":0,"menu_order":0,"comment_status":"closed","ping_status":"closed","template":"","meta":{"_acf_changed":false,"footnotes":""},"class_list":["post-7183","page","type-page","status-publish","hentry"],"acf":[],"_links":{"self":[{"href":"https:\/\/beautywithrey.ch\/en\/wp-json\/wp\/v2\/pages\/7183","targetHints":{"allow":["GET"]}}],"collection":[{"href":"https:\/\/beautywithrey.ch\/en\/wp-json\/wp\/v2\/pages"}],"about":[{"href":"https:\/\/beautywithrey.ch\/en\/wp-json\/wp\/v2\/types\/page"}],"author":[{"embeddable":true,"href":"https:\/\/beautywithrey.ch\/en\/wp-json\/wp\/v2\/users\/1"}],"replies":[{"embeddable":true,"href":"https:\/\/beautywithrey.ch\/en\/wp-json\/wp\/v2\/comments?post=7183"}],"version-history":[{"count":27,"href":"https:\/\/beautywithrey.ch\/en\/wp-json\/wp\/v2\/pages\/7183\/revisions"}],"predecessor-version":[{"id":8523,"href":"https:\/\/beautywithrey.ch\/en\/wp-json\/wp\/v2\/pages\/7183\/revisions\/8523"}],"wp:attachment":[{"href":"https:\/\/beautywithrey.ch\/en\/wp-json\/wp\/v2\/media?parent=7183"}],"curies":[{"name":"wp","href":"https:\/\/api.w.org\/{rel}","templated":true}]}}